{"id":1671,"date":"2025-02-11T05:58:44","date_gmt":"2025-02-11T05:58:44","guid":{"rendered":"https:\/\/karossar-ad.com\/pdr-obuka\/"},"modified":"2025-02-11T17:41:27","modified_gmt":"2025-02-11T17:41:27","slug":"pdr-obuka","status":"publish","type":"page","link":"https:\/\/karossar-ad.com\/hr\/pdr-obuka\/","title":{"rendered":"PDR obuka"},"content":{"rendered":"\t\t<div data-elementor-type=\"wp-page\" data-elementor-id=\"1671\" class=\"elementor elementor-1671 elementor-1347\" data-elementor-post-type=\"page\">\n\t\t\t\t<div class=\"elementor-element elementor-element-77bf1ac e-con-full e-flex e-con e-parent\" data-id=\"77bf1ac\" data-element_type=\"container\" data-e-type=\"container\" data-settings=\"{&quot;background_background&quot;:&quot;classic&quot;}\">\n\t\t<div class=\"elementor-element elementor-element-977e509 e-flex e-con-boxed elementor-invisible e-con e-child\" data-id=\"977e509\" data-element_type=\"container\" data-e-type=\"container\" data-settings=\"{&quot;animation&quot;:&quot;fadeIn&quot;}\">\n\t\t\t\t\t<div class=\"e-con-inner\">\n\t\t<div class=\"elementor-element elementor-element-d4ffd5a e-con-full e-flex e-con e-child\" data-id=\"d4ffd5a\" data-element_type=\"container\" data-e-type=\"container\" data-settings=\"{&quot;background_background&quot;:&quot;classic&quot;}\">\n\t\t\t\t<div class=\"elementor-element elementor-element-7575ef7 elementor-widget elementor-widget-heading\" data-id=\"7575ef7\" data-element_type=\"widget\" data-e-type=\"widget\" data-widget_type=\"heading.default\">\n\t\t\t\t<div class=\"elementor-widget-container\">\n\t\t\t\t\t<h2 class=\"elementor-heading-title elementor-size-default\">Obuka za PDR stru\u010dnjake<\/h2>\t\t\t\t<\/div>\n\t\t\t\t<\/div>\n\t\t\t\t<div class=\"elementor-element elementor-element-4ceaec6 elementor-widget elementor-widget-heading\" data-id=\"4ceaec6\" data-element_type=\"widget\" data-e-type=\"widget\" data-widget_type=\"heading.default\">\n\t\t\t\t<div class=\"elementor-widget-container\">\n\t\t\t\t\t<h2 class=\"elementor-heading-title elementor-size-default\">Osposobljavamo PDR stru\u010dnjake za ekolo\u0161ke sanacije o\u0161te\u0107enja vozila na parkirali\u0161tima i od tu\u010de.<\/h2>\t\t\t\t<\/div>\n\t\t\t\t<\/div>\n\t\t\t\t<\/div>\n\t\t\t\t\t<\/div>\n\t\t\t\t<\/div>\n\t\t<div class=\"elementor-element elementor-element-997f530 e-flex e-con-boxed elementor-invisible e-con e-child\" data-id=\"997f530\" data-element_type=\"container\" data-e-type=\"container\" data-settings=\"{&quot;animation&quot;:&quot;fadeIn&quot;}\">\n\t\t\t\t\t<div class=\"e-con-inner\">\n\t\t<div class=\"elementor-element elementor-element-de8c811 e-con-full e-flex e-con e-child\" data-id=\"de8c811\" data-element_type=\"container\" data-e-type=\"container\">\n\t\t\t\t<div class=\"elementor-element elementor-element-5b49673 elementor-widget elementor-widget-image\" data-id=\"5b49673\" data-element_type=\"widget\" data-e-type=\"widget\" data-widget_type=\"image.default\">\n\t\t\t\t<div class=\"elementor-widget-container\">\n\t\t\t\t\t\t\t\t\t\t\t\t\t\t\t<img decoding=\"async\" width=\"106\" height=\"107\" src=\"https:\/\/karossar-ad.com\/wp-content\/uploads\/2025\/02\/Icon-5.svg\" class=\"attachment-large size-large wp-image-1651\" alt=\"\" \/>\t\t\t\t\t\t\t\t\t\t\t\t\t\t\t<\/div>\n\t\t\t\t<\/div>\n\t\t\t\t<div class=\"elementor-element elementor-element-d652756 elementor-widget elementor-widget-heading\" data-id=\"d652756\" data-element_type=\"widget\" data-e-type=\"widget\" data-widget_type=\"heading.default\">\n\t\t\t\t<div class=\"elementor-widget-container\">\n\t\t\t\t\t<h2 class=\"elementor-heading-title elementor-size-default\">Osnovno obrazovanje PDR<\/h2>\t\t\t\t<\/div>\n\t\t\t\t<\/div>\n\t\t\t\t<div class=\"elementor-element elementor-element-20e19b0 elementor-widget elementor-widget-heading\" data-id=\"20e19b0\" data-element_type=\"widget\" data-e-type=\"widget\" data-widget_type=\"heading.default\">\n\t\t\t\t<div class=\"elementor-widget-container\">\n\t\t\t\t\t<span class=\"elementor-heading-title elementor-size-default\">Osnovna obuka traje 7 dana i uklju\u010duje upoznavanje alata i procesa popravka (teorija, 3 sata), u\u010denje rada sa svjetlom (teorija i praksa, 3-4 sata), upoznavanje alata u praksi na otvorenim i zatvorenim dijelovima lima, napredni rad sa svjetlom (praksa), rad na horizontalnim i okomitim povr\u0161inama - tehnika lijepljenja (vje\u017eba), samostalni rad pod nadzorom (vje\u017eba), ispit i dodjela certifikata.<\/span>\t\t\t\t<\/div>\n\t\t\t\t<\/div>\n\t\t\t\t<div class=\"elementor-element elementor-element-efc4c7e elementor-widget__width-auto pdt-btn elementor-widget-tablet__width-inherit elementor-widget elementor-widget-button\" data-id=\"efc4c7e\" data-element_type=\"widget\" data-e-type=\"widget\" data-widget_type=\"button.default\">\n\t\t\t\t<div class=\"elementor-widget-container\">\n\t\t\t\t\t\t\t\t\t<div class=\"elementor-button-wrapper\">\n\t\t\t\t\t<a class=\"elementor-button elementor-button-link elementor-size-sm\" href=\"https:\/\/karossar-ad.com\/hr\/kontakt\/\">\n\t\t\t\t\t\t<span class=\"elementor-button-content-wrapper\">\n\t\t\t\t\t\t\t\t\t<span class=\"elementor-button-text\">Zanima me osnovna \u0161kola.<\/span>\n\t\t\t\t\t<\/span>\n\t\t\t\t\t<\/a>\n\t\t\t\t<\/div>\n\t\t\t\t\t\t\t\t<\/div>\n\t\t\t\t<\/div>\n\t\t\t\t<\/div>\n\t\t<div class=\"elementor-element elementor-element-385a37d e-con-full e-flex e-con e-child\" data-id=\"385a37d\" data-element_type=\"container\" data-e-type=\"container\">\n\t\t\t\t<div class=\"elementor-element elementor-element-1439317 elementor-widget elementor-widget-image\" data-id=\"1439317\" data-element_type=\"widget\" data-e-type=\"widget\" data-widget_type=\"image.default\">\n\t\t\t\t<div class=\"elementor-widget-container\">\n\t\t\t\t\t\t\t\t\t\t\t\t\t\t\t<img decoding=\"async\" width=\"111\" height=\"107\" src=\"https:\/\/karossar-ad.com\/wp-content\/uploads\/2025\/02\/Icon-6.svg\" class=\"attachment-large size-large wp-image-1653\" alt=\"\" \/>\t\t\t\t\t\t\t\t\t\t\t\t\t\t\t<\/div>\n\t\t\t\t<\/div>\n\t\t\t\t<div class=\"elementor-element elementor-element-c6922bd elementor-widget elementor-widget-heading\" data-id=\"c6922bd\" data-element_type=\"widget\" data-e-type=\"widget\" data-widget_type=\"heading.default\">\n\t\t\t\t<div class=\"elementor-widget-container\">\n\t\t\t\t\t<h2 class=\"elementor-heading-title elementor-size-default\">Napredna PDR obuka<\/h2>\t\t\t\t<\/div>\n\t\t\t\t<\/div>\n\t\t\t\t<div class=\"elementor-element elementor-element-e5b7e06 elementor-widget elementor-widget-heading\" data-id=\"e5b7e06\" data-element_type=\"widget\" data-e-type=\"widget\" data-widget_type=\"heading.default\">\n\t\t\t\t<div class=\"elementor-widget-container\">\n\t\t\t\t\t<span class=\"elementor-heading-title elementor-size-default\">Nakon polo\u017eene osnovne razine ispita mogu\u0107e je dogovoriti i usavr\u0161avanje (dopunski te\u010daj) koje traje 14 dana i prilago\u0111ava se pojedincu. Edukacija se odvija na na\u010din da Vas na\u0161i stru\u010dnjaci posjete u Va\u0161oj limarskoj radionici i pou\u010de Vas ili Va\u0161e zaposlenike postupcima PDR tehnike. S Vama smo 7 dana, a nakon zavr\u0161ene edukacije nudimo Vam i stru\u010dnu i tehni\u010dku podr\u0161ku.<\/span>\t\t\t\t<\/div>\n\t\t\t\t<\/div>\n\t\t\t\t<div class=\"elementor-element elementor-element-553dcae elementor-align-center elementor-widget__width-auto pdt-btn elementor-widget-tablet__width-inherit elementor-widget elementor-widget-button\" data-id=\"553dcae\" data-element_type=\"widget\" data-e-type=\"widget\" data-widget_type=\"button.default\">\n\t\t\t\t<div class=\"elementor-widget-container\">\n\t\t\t\t\t\t\t\t\t<div class=\"elementor-button-wrapper\">\n\t\t\t\t\t<a class=\"elementor-button elementor-button-link elementor-size-sm\" href=\"https:\/\/karossar-ad.com\/hr\/kontakt\/\">\n\t\t\t\t\t\t<span class=\"elementor-button-content-wrapper\">\n\t\t\t\t\t\t\t\t\t<span class=\"elementor-button-text\">Zanima me osnovna \u0161kola.<\/span>\n\t\t\t\t\t<\/span>\n\t\t\t\t\t<\/a>\n\t\t\t\t<\/div>\n\t\t\t\t\t\t\t\t<\/div>\n\t\t\t\t<\/div>\n\t\t\t\t<\/div>\n\t\t\t\t\t<\/div>\n\t\t\t\t<\/div>\n\t\t\t\t<\/div>\n\t\t<div class=\"elementor-element elementor-element-2e9368a e-flex e-con-boxed e-con e-parent\" data-id=\"2e9368a\" data-element_type=\"container\" data-e-type=\"container\" data-settings=\"{&quot;background_background&quot;:&quot;classic&quot;}\">\n\t\t\t\t\t<div class=\"e-con-inner\">\n\t\t<div class=\"elementor-element elementor-element-23806ca e-flex e-con-boxed e-con e-child\" data-id=\"23806ca\" data-element_type=\"container\" data-e-type=\"container\">\n\t\t\t\t\t<div class=\"e-con-inner\">\n\t\t<div class=\"elementor-element elementor-element-dec40fa e-con-full e-flex elementor-invisible e-con e-child\" data-id=\"dec40fa\" data-element_type=\"container\" data-e-type=\"container\" data-settings=\"{&quot;animation&quot;:&quot;fadeIn&quot;}\">\n\t\t\t\t<div class=\"elementor-element elementor-element-936040d elementor-widget elementor-widget-heading\" data-id=\"936040d\" data-element_type=\"widget\" data-e-type=\"widget\" data-widget_type=\"heading.default\">\n\t\t\t\t<div class=\"elementor-widget-container\">\n\t\t\t\t\t<h2 class=\"elementor-heading-title elementor-size-default\">Za\u0161to se \u0161kolovati?<\/h2>\t\t\t\t<\/div>\n\t\t\t\t<\/div>\n\t\t\t\t<div class=\"elementor-element elementor-element-17b2d2b elementor-widget elementor-widget-heading\" data-id=\"17b2d2b\" data-element_type=\"widget\" data-e-type=\"widget\" data-widget_type=\"heading.default\">\n\t\t\t\t<div class=\"elementor-widget-container\">\n\t\t\t\t\t<span class=\"elementor-heading-title elementor-size-default\">Polaznici PDR obuke dobivaju osnovne alate i svjetlo (uklju\u010deno u cijenu), temeljito razumijevanje poslovanja i alata, priliku da postanu PDR stru\u010dnjaci te sveobuhvatnu podr\u0161ku u daljnjem obrazovanju, odabiru alata i radu u inozemstvu kao sezonski kooperanti. Ujedno, PDR tehnika je zelena jer za razliku od tradicionalnih metoda ne koristi materijale \u0161tetne za zdravlje. Tako\u0111er zahtijeva manje energije, jer ne uklju\u010duje sve nepotrebne postupke klasi\u010dnog popravka.<\/span>\t\t\t\t<\/div>\n\t\t\t\t<\/div>\n\t\t\t\t<\/div>\n\t\t\t\t\t<\/div>\n\t\t\t\t<\/div>\n\t\t\t\t\t<\/div>\n\t\t\t\t<\/div>\n\t\t<div class=\"elementor-element elementor-element-fabeaea e-flex e-con-boxed e-con e-parent\" data-id=\"fabeaea\" data-element_type=\"container\" data-e-type=\"container\" data-settings=\"{&quot;background_background&quot;:&quot;classic&quot;}\">\n\t\t\t\t\t<div class=\"e-con-inner\">\n\t\t<div class=\"elementor-element elementor-element-8438a05 e-con-full e-flex elementor-invisible e-con e-child\" data-id=\"8438a05\" data-element_type=\"container\" data-e-type=\"container\" data-settings=\"{&quot;background_background&quot;:&quot;classic&quot;,&quot;animation&quot;:&quot;fadeIn&quot;}\">\n\t\t\t\t<div class=\"elementor-element elementor-element-1fdcdec elementor-widget__width-initial elementor-widget elementor-widget-heading\" data-id=\"1fdcdec\" data-element_type=\"widget\" data-e-type=\"widget\" data-widget_type=\"heading.default\">\n\t\t\t\t<div class=\"elementor-widget-container\">\n\t\t\t\t\t<h2 class=\"elementor-heading-title elementor-size-default\">Vjeruju nam najve\u0107i<\/h2>\t\t\t\t<\/div>\n\t\t\t\t<\/div>\n\t\t\t\t<div class=\"elementor-element elementor-element-71ae6fd elementor-widget elementor-widget-image-carousel\" data-id=\"71ae6fd\" data-element_type=\"widget\" data-e-type=\"widget\" data-settings=\"{&quot;slides_to_show&quot;:&quot;6&quot;,&quot;slides_to_show_tablet&quot;:&quot;3&quot;,&quot;navigation&quot;:&quot;none&quot;,&quot;autoplay_speed&quot;:3000,&quot;autoplay&quot;:&quot;yes&quot;,&quot;pause_on_hover&quot;:&quot;yes&quot;,&quot;pause_on_interaction&quot;:&quot;yes&quot;,&quot;infinite&quot;:&quot;yes&quot;,&quot;speed&quot;:500}\" data-widget_type=\"image-carousel.default\">\n\t\t\t\t<div class=\"elementor-widget-container\">\n\t\t\t\t\t\t\t<div class=\"elementor-image-carousel-wrapper swiper\" role=\"region\" aria-roledescription=\"carousel\" aria-label=\"Image Carousel\" dir=\"ltr\">\n\t\t\t<div class=\"elementor-image-carousel swiper-wrapper\" aria-live=\"off\">\n\t\t\t\t\t\t\t\t<div class=\"swiper-slide\" role=\"group\" aria-roledescription=\"slide\" aria-label=\"1 od 6\"><figure class=\"swiper-slide-inner\"><img decoding=\"async\" class=\"swiper-slide-image\" src=\"https:\/\/karossar-ad.com\/wp-content\/uploads\/2025\/01\/jaguar-150x110.png\" alt=\"jaguar\" \/><\/figure><\/div><div class=\"swiper-slide\" role=\"group\" aria-roledescription=\"slide\" aria-label=\"2 od 6\"><figure class=\"swiper-slide-inner\"><img decoding=\"async\" class=\"swiper-slide-image\" src=\"https:\/\/karossar-ad.com\/wp-content\/uploads\/2025\/01\/audi-150x110.png\" alt=\"audi\" \/><\/figure><\/div><div class=\"swiper-slide\" role=\"group\" aria-roledescription=\"slide\" aria-label=\"3 od 6\"><figure class=\"swiper-slide-inner\"><img decoding=\"async\" class=\"swiper-slide-image\" src=\"https:\/\/karossar-ad.com\/wp-content\/uploads\/2025\/01\/aston-martin-150x110.png\" alt=\"aston martin\" \/><\/figure><\/div><div class=\"swiper-slide\" role=\"group\" aria-roledescription=\"slide\" aria-label=\"4 od 6\"><figure class=\"swiper-slide-inner\"><img decoding=\"async\" class=\"swiper-slide-image\" src=\"https:\/\/karossar-ad.com\/wp-content\/uploads\/2025\/01\/cherolet-150x110.png\" alt=\"cherolet\" \/><\/figure><\/div><div class=\"swiper-slide\" role=\"group\" aria-roledescription=\"slide\" aria-label=\"5 od 6\"><figure class=\"swiper-slide-inner\"><img decoding=\"async\" class=\"swiper-slide-image\" src=\"https:\/\/karossar-ad.com\/wp-content\/uploads\/2025\/01\/lexus-150x110.png\" alt=\"lexus\" \/><\/figure><\/div><div class=\"swiper-slide\" role=\"group\" aria-roledescription=\"slide\" aria-label=\"6 od 6\"><figure class=\"swiper-slide-inner\"><img decoding=\"async\" class=\"swiper-slide-image\" src=\"https:\/\/karossar-ad.com\/wp-content\/uploads\/2025\/01\/mini-150x110.png\" alt=\"mini\" \/><\/figure><\/div>\t\t\t<\/div>\n\t\t\t\t\t\t\t\n\t\t\t\t\t\t\t\t\t<\/div>\n\t\t\t\t\t\t<\/div>\n\t\t\t\t<\/div>\n\t\t\t\t<\/div>\n\t\t\t\t\t<\/div>\n\t\t\t\t<\/div>\n\t\t<div class=\"elementor-element elementor-element-9e67800 e-flex e-con-boxed e-con e-parent\" data-id=\"9e67800\" data-element_type=\"container\" data-e-type=\"container\" data-settings=\"{&quot;background_background&quot;:&quot;classic&quot;}\">\n\t\t\t\t\t<div class=\"e-con-inner\">\n\t\t<div class=\"elementor-element elementor-element-854f458 e-flex e-con-boxed e-con e-child\" data-id=\"854f458\" data-element_type=\"container\" data-e-type=\"container\">\n\t\t\t\t\t<div class=\"e-con-inner\">\n\t\t<div class=\"elementor-element elementor-element-56c5d9c e-con-full e-flex elementor-invisible e-con e-child\" data-id=\"56c5d9c\" data-element_type=\"container\" data-e-type=\"container\" data-settings=\"{&quot;animation&quot;:&quot;fadeIn&quot;}\">\n\t\t\t\t<div class=\"elementor-element elementor-element-8ab993b elementor-widget elementor-widget-heading\" data-id=\"8ab993b\" data-element_type=\"widget\" data-e-type=\"widget\" data-widget_type=\"heading.default\">\n\t\t\t\t<div class=\"elementor-widget-container\">\n\t\t\t\t\t<h2 class=\"elementor-heading-title elementor-size-default\">Postanite stru\u010dnjak za PDR<\/h2>\t\t\t\t<\/div>\n\t\t\t\t<\/div>\n\t\t\t\t<div class=\"elementor-element elementor-element-de8ec90 elementor-widget elementor-widget-heading\" data-id=\"de8ec90\" data-element_type=\"widget\" data-e-type=\"widget\" data-widget_type=\"heading.default\">\n\t\t\t\t<div class=\"elementor-widget-container\">\n\t\t\t\t\t<span class=\"elementor-heading-title elementor-size-default\">S PDR tehnikom svojim kupcima mo\u017eete ponuditi ni\u017eu cijenu popravka jer je navedena metoda 30% povoljnija od klasi\u010dne. Tako\u0111er mo\u017eete primiti vi\u0161e kupaca jer je brzina popravka smanjena za 70-80%. Kontaktirajte nas i prijavite se za PDR trening jo\u0161 danas!<\/span>\t\t\t\t<\/div>\n\t\t\t\t<\/div>\n\t\t\t\t<div class=\"elementor-element elementor-element-670b35f elementor-widget elementor-widget-button\" data-id=\"670b35f\" data-element_type=\"widget\" data-e-type=\"widget\" data-widget_type=\"button.default\">\n\t\t\t\t<div class=\"elementor-widget-container\">\n\t\t\t\t\t\t\t\t\t<div class=\"elementor-button-wrapper\">\n\t\t\t\t\t<a class=\"elementor-button elementor-button-link elementor-size-sm\" href=\"https:\/\/karossar-ad.com\/hr\/kontakt\/\">\n\t\t\t\t\t\t<span class=\"elementor-button-content-wrapper\">\n\t\t\t\t\t\t\t\t\t<span class=\"elementor-button-text\">Kontaktirajte nas za vi\u0161e informacija<\/span>\n\t\t\t\t\t<\/span>\n\t\t\t\t\t<\/a>\n\t\t\t\t<\/div>\n\t\t\t\t\t\t\t\t<\/div>\n\t\t\t\t<\/div>\n\t\t\t\t<\/div>\n\t\t\t\t\t<\/div>\n\t\t\t\t<\/div>\n\t\t\t\t\t<\/div>\n\t\t\t\t<\/div>\n\t\t\t\t<\/div>\n\t\t","protected":false},"excerpt":{"rendered":"<p>Obuka za PDR stru\u010dnjake Osposobljavamo PDR stru\u010dnjake za ekolo\u0161ke sanacije o\u0161te\u0107enja vozila na parkirali\u0161tima i od tu\u010de. Osnovno obrazovanje PDR Osnovna obuka traje 7 dana i uklju\u010duje upoznavanje alata i procesa popravka (teorija, 3 sata), u\u010denje rada sa svjetlom (teorija i praksa, 3-4 sata), upoznavanje alata u praksi na otvorenim i zatvorenim dijelovima lima, napredni [&hellip;]<\/p>\n","protected":false},"author":2,"featured_media":0,"parent":0,"menu_order":0,"comment_status":"closed","ping_status":"closed","template":"elementor_header_footer","meta":{"footnotes":""},"class_list":["post-1671","page","type-page","status-publish","hentry"],"yoast_head":"<!-- This site is optimized with the Yoast SEO plugin v27.5 - https:\/\/yoast.com\/product\/yoast-seo-wordpress\/ -->\n<title>PDR obuka - Karossar A.D.<\/title>\n<meta name=\"robots\" content=\"index, follow, max-snippet:-1, max-image-preview:large, max-video-preview:-1\" \/>\n<link rel=\"canonical\" href=\"https:\/\/karossar-ad.com\/hr\/pdr-obuka\/\" \/>\n<meta property=\"og:locale\" content=\"hr_HR\" \/>\n<meta property=\"og:type\" content=\"article\" \/>\n<meta property=\"og:title\" content=\"PDR obuka - Karossar A.D.\" \/>\n<meta property=\"og:description\" content=\"Obuka za PDR stru\u010dnjake Osposobljavamo PDR stru\u010dnjake za ekolo\u0161ke sanacije o\u0161te\u0107enja vozila na parkirali\u0161tima i od tu\u010de. Osnovno obrazovanje PDR Osnovna obuka traje 7 dana i uklju\u010duje upoznavanje alata i procesa popravka (teorija, 3 sata), u\u010denje rada sa svjetlom (teorija i praksa, 3-4 sata), upoznavanje alata u praksi na otvorenim i zatvorenim dijelovima lima, napredni [&hellip;]\" \/>\n<meta property=\"og:url\" content=\"https:\/\/karossar-ad.com\/hr\/pdr-obuka\/\" \/>\n<meta property=\"og:site_name\" content=\"Karossar A.D.\" \/>\n<meta property=\"article:modified_time\" content=\"2025-02-11T17:41:27+00:00\" \/>\n<meta name=\"twitter:card\" content=\"summary_large_image\" \/>\n<meta name=\"twitter:label1\" content=\"Procijenjeno vrijeme \u010ditanja\" \/>\n\t<meta name=\"twitter:data1\" content=\"2 minute\" \/>\n<script type=\"application\/ld+json\" class=\"yoast-schema-graph\">{\"@context\":\"https:\\\/\\\/schema.org\",\"@graph\":[{\"@type\":\"WebPage\",\"@id\":\"https:\\\/\\\/karossar-ad.com\\\/hr\\\/pdr-obuka\\\/\",\"url\":\"https:\\\/\\\/karossar-ad.com\\\/hr\\\/pdr-obuka\\\/\",\"name\":\"PDR obuka - Karossar A.D.\",\"isPartOf\":{\"@id\":\"https:\\\/\\\/karossar-ad.com\\\/#website\"},\"primaryImageOfPage\":{\"@id\":\"https:\\\/\\\/karossar-ad.com\\\/hr\\\/pdr-obuka\\\/#primaryimage\"},\"image\":{\"@id\":\"https:\\\/\\\/karossar-ad.com\\\/hr\\\/pdr-obuka\\\/#primaryimage\"},\"thumbnailUrl\":\"https:\\\/\\\/karossar-ad.com\\\/wp-content\\\/uploads\\\/2025\\\/02\\\/Icon-5.svg\",\"datePublished\":\"2025-02-11T05:58:44+00:00\",\"dateModified\":\"2025-02-11T17:41:27+00:00\",\"breadcrumb\":{\"@id\":\"https:\\\/\\\/karossar-ad.com\\\/hr\\\/pdr-obuka\\\/#breadcrumb\"},\"inLanguage\":\"hr\",\"potentialAction\":[{\"@type\":\"ReadAction\",\"target\":[\"https:\\\/\\\/karossar-ad.com\\\/hr\\\/pdr-obuka\\\/\"]}]},{\"@type\":\"ImageObject\",\"inLanguage\":\"hr\",\"@id\":\"https:\\\/\\\/karossar-ad.com\\\/hr\\\/pdr-obuka\\\/#primaryimage\",\"url\":\"https:\\\/\\\/karossar-ad.com\\\/wp-content\\\/uploads\\\/2025\\\/02\\\/Icon-5.svg\",\"contentUrl\":\"https:\\\/\\\/karossar-ad.com\\\/wp-content\\\/uploads\\\/2025\\\/02\\\/Icon-5.svg\"},{\"@type\":\"BreadcrumbList\",\"@id\":\"https:\\\/\\\/karossar-ad.com\\\/hr\\\/pdr-obuka\\\/#breadcrumb\",\"itemListElement\":[{\"@type\":\"ListItem\",\"position\":1,\"name\":\"Home\",\"item\":\"https:\\\/\\\/karossar-ad.com\\\/hr\\\/dom\\\/\"},{\"@type\":\"ListItem\",\"position\":2,\"name\":\"PDR obuka\"}]},{\"@type\":\"WebSite\",\"@id\":\"https:\\\/\\\/karossar-ad.com\\\/#website\",\"url\":\"https:\\\/\\\/karossar-ad.com\\\/\",\"name\":\"Karossar A.D.\",\"description\":\"Paintless Dent Repairs\",\"publisher\":{\"@id\":\"https:\\\/\\\/karossar-ad.com\\\/#organization\"},\"potentialAction\":[{\"@type\":\"SearchAction\",\"target\":{\"@type\":\"EntryPoint\",\"urlTemplate\":\"https:\\\/\\\/karossar-ad.com\\\/?s={search_term_string}\"},\"query-input\":{\"@type\":\"PropertyValueSpecification\",\"valueRequired\":true,\"valueName\":\"search_term_string\"}}],\"inLanguage\":\"hr\"},{\"@type\":\"Organization\",\"@id\":\"https:\\\/\\\/karossar-ad.com\\\/#organization\",\"name\":\"Karossar A.D.\",\"url\":\"https:\\\/\\\/karossar-ad.com\\\/\",\"logo\":{\"@type\":\"ImageObject\",\"inLanguage\":\"hr\",\"@id\":\"https:\\\/\\\/karossar-ad.com\\\/#\\\/schema\\\/logo\\\/image\\\/\",\"url\":\"https:\\\/\\\/karossar-ad.com\\\/wp-content\\\/uploads\\\/2025\\\/01\\\/Logo.png\",\"contentUrl\":\"https:\\\/\\\/karossar-ad.com\\\/wp-content\\\/uploads\\\/2025\\\/01\\\/Logo.png\",\"width\":61,\"height\":60,\"caption\":\"Karossar A.D.\"},\"image\":{\"@id\":\"https:\\\/\\\/karossar-ad.com\\\/#\\\/schema\\\/logo\\\/image\\\/\"}}]}<\/script>\n<!-- \/ Yoast SEO plugin. -->","yoast_head_json":{"title":"PDR obuka - Karossar A.D.","robots":{"index":"index","follow":"follow","max-snippet":"max-snippet:-1","max-image-preview":"max-image-preview:large","max-video-preview":"max-video-preview:-1"},"canonical":"https:\/\/karossar-ad.com\/hr\/pdr-obuka\/","og_locale":"hr_HR","og_type":"article","og_title":"PDR obuka - Karossar A.D.","og_description":"Obuka za PDR stru\u010dnjake Osposobljavamo PDR stru\u010dnjake za ekolo\u0161ke sanacije o\u0161te\u0107enja vozila na parkirali\u0161tima i od tu\u010de. Osnovno obrazovanje PDR Osnovna obuka traje 7 dana i uklju\u010duje upoznavanje alata i procesa popravka (teorija, 3 sata), u\u010denje rada sa svjetlom (teorija i praksa, 3-4 sata), upoznavanje alata u praksi na otvorenim i zatvorenim dijelovima lima, napredni [&hellip;]","og_url":"https:\/\/karossar-ad.com\/hr\/pdr-obuka\/","og_site_name":"Karossar A.D.","article_modified_time":"2025-02-11T17:41:27+00:00","twitter_card":"summary_large_image","twitter_misc":{"Procijenjeno vrijeme \u010ditanja":"2 minute"},"schema":{"@context":"https:\/\/schema.org","@graph":[{"@type":"WebPage","@id":"https:\/\/karossar-ad.com\/hr\/pdr-obuka\/","url":"https:\/\/karossar-ad.com\/hr\/pdr-obuka\/","name":"PDR obuka - Karossar A.D.","isPartOf":{"@id":"https:\/\/karossar-ad.com\/#website"},"primaryImageOfPage":{"@id":"https:\/\/karossar-ad.com\/hr\/pdr-obuka\/#primaryimage"},"image":{"@id":"https:\/\/karossar-ad.com\/hr\/pdr-obuka\/#primaryimage"},"thumbnailUrl":"https:\/\/karossar-ad.com\/wp-content\/uploads\/2025\/02\/Icon-5.svg","datePublished":"2025-02-11T05:58:44+00:00","dateModified":"2025-02-11T17:41:27+00:00","breadcrumb":{"@id":"https:\/\/karossar-ad.com\/hr\/pdr-obuka\/#breadcrumb"},"inLanguage":"hr","potentialAction":[{"@type":"ReadAction","target":["https:\/\/karossar-ad.com\/hr\/pdr-obuka\/"]}]},{"@type":"ImageObject","inLanguage":"hr","@id":"https:\/\/karossar-ad.com\/hr\/pdr-obuka\/#primaryimage","url":"https:\/\/karossar-ad.com\/wp-content\/uploads\/2025\/02\/Icon-5.svg","contentUrl":"https:\/\/karossar-ad.com\/wp-content\/uploads\/2025\/02\/Icon-5.svg"},{"@type":"BreadcrumbList","@id":"https:\/\/karossar-ad.com\/hr\/pdr-obuka\/#breadcrumb","itemListElement":[{"@type":"ListItem","position":1,"name":"Home","item":"https:\/\/karossar-ad.com\/hr\/dom\/"},{"@type":"ListItem","position":2,"name":"PDR obuka"}]},{"@type":"WebSite","@id":"https:\/\/karossar-ad.com\/#website","url":"https:\/\/karossar-ad.com\/","name":"Karossar A.D.","description":"Paintless Dent Repairs","publisher":{"@id":"https:\/\/karossar-ad.com\/#organization"},"potentialAction":[{"@type":"SearchAction","target":{"@type":"EntryPoint","urlTemplate":"https:\/\/karossar-ad.com\/?s={search_term_string}"},"query-input":{"@type":"PropertyValueSpecification","valueRequired":true,"valueName":"search_term_string"}}],"inLanguage":"hr"},{"@type":"Organization","@id":"https:\/\/karossar-ad.com\/#organization","name":"Karossar A.D.","url":"https:\/\/karossar-ad.com\/","logo":{"@type":"ImageObject","inLanguage":"hr","@id":"https:\/\/karossar-ad.com\/#\/schema\/logo\/image\/","url":"https:\/\/karossar-ad.com\/wp-content\/uploads\/2025\/01\/Logo.png","contentUrl":"https:\/\/karossar-ad.com\/wp-content\/uploads\/2025\/01\/Logo.png","width":61,"height":60,"caption":"Karossar A.D."},"image":{"@id":"https:\/\/karossar-ad.com\/#\/schema\/logo\/image\/"}}]}},"_links":{"self":[{"href":"https:\/\/karossar-ad.com\/hr\/wp-json\/wp\/v2\/pages\/1671","targetHints":{"allow":["GET"]}}],"collection":[{"href":"https:\/\/karossar-ad.com\/hr\/wp-json\/wp\/v2\/pages"}],"about":[{"href":"https:\/\/karossar-ad.com\/hr\/wp-json\/wp\/v2\/types\/page"}],"author":[{"embeddable":true,"href":"https:\/\/karossar-ad.com\/hr\/wp-json\/wp\/v2\/users\/2"}],"replies":[{"embeddable":true,"href":"https:\/\/karossar-ad.com\/hr\/wp-json\/wp\/v2\/comments?post=1671"}],"version-history":[{"count":1,"href":"https:\/\/karossar-ad.com\/hr\/wp-json\/wp\/v2\/pages\/1671\/revisions"}],"predecessor-version":[{"id":1672,"href":"https:\/\/karossar-ad.com\/hr\/wp-json\/wp\/v2\/pages\/1671\/revisions\/1672"}],"wp:attachment":[{"href":"https:\/\/karossar-ad.com\/hr\/wp-json\/wp\/v2\/media?parent=1671"}],"curies":[{"name":"wp","href":"https:\/\/api.w.org\/{rel}","templated":true}]}}