{"id":1691,"date":"2025-02-11T05:58:44","date_gmt":"2025-02-11T05:58:44","guid":{"rendered":"https:\/\/karossar-ad.com\/pdr-schulbildung\/"},"modified":"2025-02-11T17:46:18","modified_gmt":"2025-02-11T17:46:18","slug":"pdr-schulbildung","status":"publish","type":"page","link":"https:\/\/karossar-ad.com\/de\/pdr-schulbildung\/","title":{"rendered":"PDR Schulbildung"},"content":{"rendered":"\t\t<div data-elementor-type=\"wp-page\" data-elementor-id=\"1691\" class=\"elementor elementor-1691 elementor-1347\" data-elementor-post-type=\"page\">\n\t\t\t\t<div class=\"elementor-element elementor-element-77bf1ac e-con-full e-flex e-con e-parent\" data-id=\"77bf1ac\" data-element_type=\"container\" data-e-type=\"container\" data-settings=\"{&quot;background_background&quot;:&quot;classic&quot;}\">\n\t\t<div class=\"elementor-element elementor-element-977e509 e-flex e-con-boxed elementor-invisible e-con e-child\" data-id=\"977e509\" data-element_type=\"container\" data-e-type=\"container\" data-settings=\"{&quot;animation&quot;:&quot;fadeIn&quot;}\">\n\t\t\t\t\t<div class=\"e-con-inner\">\n\t\t<div class=\"elementor-element elementor-element-d4ffd5a e-con-full e-flex e-con e-child\" data-id=\"d4ffd5a\" data-element_type=\"container\" data-e-type=\"container\" data-settings=\"{&quot;background_background&quot;:&quot;classic&quot;}\">\n\t\t\t\t<div class=\"elementor-element elementor-element-7575ef7 elementor-widget elementor-widget-heading\" data-id=\"7575ef7\" data-element_type=\"widget\" data-e-type=\"widget\" data-widget_type=\"heading.default\">\n\t\t\t\t<div class=\"elementor-widget-container\">\n\t\t\t\t\t<h2 class=\"elementor-heading-title elementor-size-default\">Schulungen f\u00fcr PDR-Fachleute<\/h2>\t\t\t\t<\/div>\n\t\t\t\t<\/div>\n\t\t\t\t<div class=\"elementor-element elementor-element-4ceaec6 elementor-widget elementor-widget-heading\" data-id=\"4ceaec6\" data-element_type=\"widget\" data-e-type=\"widget\" data-widget_type=\"heading.default\">\n\t\t\t\t<div class=\"elementor-widget-container\">\n\t\t\t\t\t<h2 class=\"elementor-heading-title elementor-size-default\">Bei Karossar A.D. bieten wir Schulungen f\u00fcr PDR-Experten an, die \u00d6ko-Parkplatz- und Hagelschadenreparaturen an Fahrzeugen durchf\u00fchren.<\/h2>\t\t\t\t<\/div>\n\t\t\t\t<\/div>\n\t\t\t\t<\/div>\n\t\t\t\t\t<\/div>\n\t\t\t\t<\/div>\n\t\t<div class=\"elementor-element elementor-element-997f530 e-flex e-con-boxed elementor-invisible e-con e-child\" data-id=\"997f530\" data-element_type=\"container\" data-e-type=\"container\" data-settings=\"{&quot;animation&quot;:&quot;fadeIn&quot;}\">\n\t\t\t\t\t<div class=\"e-con-inner\">\n\t\t<div class=\"elementor-element elementor-element-de8c811 e-con-full e-flex e-con e-child\" data-id=\"de8c811\" data-element_type=\"container\" data-e-type=\"container\">\n\t\t\t\t<div class=\"elementor-element elementor-element-5b49673 elementor-widget elementor-widget-image\" data-id=\"5b49673\" data-element_type=\"widget\" data-e-type=\"widget\" data-widget_type=\"image.default\">\n\t\t\t\t<div class=\"elementor-widget-container\">\n\t\t\t\t\t\t\t\t\t\t\t\t\t\t\t<img decoding=\"async\" width=\"106\" height=\"107\" src=\"https:\/\/karossar-ad.com\/wp-content\/uploads\/2025\/02\/Icon-5.svg\" class=\"attachment-large size-large wp-image-1652\" alt=\"\" \/>\t\t\t\t\t\t\t\t\t\t\t\t\t\t\t<\/div>\n\t\t\t\t<\/div>\n\t\t\t\t<div class=\"elementor-element elementor-element-d652756 elementor-widget elementor-widget-heading\" data-id=\"d652756\" data-element_type=\"widget\" data-e-type=\"widget\" data-widget_type=\"heading.default\">\n\t\t\t\t<div class=\"elementor-widget-container\">\n\t\t\t\t\t<h2 class=\"elementor-heading-title elementor-size-default\">Grundschulbildung PDR<\/h2>\t\t\t\t<\/div>\n\t\t\t\t<\/div>\n\t\t\t\t<div class=\"elementor-element elementor-element-20e19b0 elementor-widget elementor-widget-heading\" data-id=\"20e19b0\" data-element_type=\"widget\" data-e-type=\"widget\" data-widget_type=\"heading.default\">\n\t\t\t\t<div class=\"elementor-widget-container\">\n\t\t\t\t\t<span class=\"elementor-heading-title elementor-size-default\">Die Grundausbildung dauert 7 Tage und umfasst eine Einf\u00fchrung in Werkzeuge und den Reparaturprozess (Theorie, 3 Stunden), eine Einf\u00fchrung in leichte Arbeiten (Theorie und Praxis, 3-4 Stunden), eine praktische Einf\u00fchrung in Werkzeuge an offenen und geschlossenen Blechen, fortgeschrittene leichte Arbeiten (Praxis), Arbeiten an horizontalen und vertikalen Fl\u00e4chen - Klebetechnik (Praxis), selbst\u00e4ndiges Arbeiten unter Aufsicht (Praxis), eine Pr\u00fcfung und Zertifizierung.<\/span>\t\t\t\t<\/div>\n\t\t\t\t<\/div>\n\t\t\t\t<div class=\"elementor-element elementor-element-efc4c7e elementor-widget__width-auto pdt-btn elementor-widget-tablet__width-inherit elementor-widget elementor-widget-button\" data-id=\"efc4c7e\" data-element_type=\"widget\" data-e-type=\"widget\" data-widget_type=\"button.default\">\n\t\t\t\t<div class=\"elementor-widget-container\">\n\t\t\t\t\t\t\t\t\t<div class=\"elementor-button-wrapper\">\n\t\t\t\t\t<a class=\"elementor-button elementor-button-link elementor-size-sm\" href=\"https:\/\/karossar-ad.com\/de\/kontakt\/\">\n\t\t\t\t\t\t<span class=\"elementor-button-content-wrapper\">\n\t\t\t\t\t\t\t\t\t<span class=\"elementor-button-text\">Ich m\u00f6chte etwas \u00fcber Grundschulbildung erfahren<\/span>\n\t\t\t\t\t<\/span>\n\t\t\t\t\t<\/a>\n\t\t\t\t<\/div>\n\t\t\t\t\t\t\t\t<\/div>\n\t\t\t\t<\/div>\n\t\t\t\t<\/div>\n\t\t<div class=\"elementor-element elementor-element-385a37d e-con-full e-flex e-con e-child\" data-id=\"385a37d\" data-element_type=\"container\" data-e-type=\"container\">\n\t\t\t\t<div class=\"elementor-element elementor-element-1439317 elementor-widget elementor-widget-image\" data-id=\"1439317\" data-element_type=\"widget\" data-e-type=\"widget\" data-widget_type=\"image.default\">\n\t\t\t\t<div class=\"elementor-widget-container\">\n\t\t\t\t\t\t\t\t\t\t\t\t\t\t\t<img decoding=\"async\" width=\"111\" height=\"107\" src=\"https:\/\/karossar-ad.com\/wp-content\/uploads\/2025\/02\/Icon-6.svg\" class=\"attachment-large size-large wp-image-1654\" alt=\"\" \/>\t\t\t\t\t\t\t\t\t\t\t\t\t\t\t<\/div>\n\t\t\t\t<\/div>\n\t\t\t\t<div class=\"elementor-element elementor-element-c6922bd elementor-widget elementor-widget-heading\" data-id=\"c6922bd\" data-element_type=\"widget\" data-e-type=\"widget\" data-widget_type=\"heading.default\">\n\t\t\t\t<div class=\"elementor-widget-container\">\n\t\t\t\t\t<h2 class=\"elementor-heading-title elementor-size-default\">PDR Advanced Schooling<\/h2>\t\t\t\t<\/div>\n\t\t\t\t<\/div>\n\t\t\t\t<div class=\"elementor-element elementor-element-e5b7e06 elementor-widget elementor-widget-heading\" data-id=\"e5b7e06\" data-element_type=\"widget\" data-e-type=\"widget\" data-widget_type=\"heading.default\">\n\t\t\t\t<div class=\"elementor-widget-container\">\n\t\t\t\t\t<span class=\"elementor-heading-title elementor-size-default\">Nach bestandener Grundstufenpr\u00fcfung ist es auch m\u00f6glich, einen 14-t\u00e4gigen, auf den Einzelnen zugeschnittenen Aufbaukurs (Fortgeschrittenenkurs) zu belegen. Die Schulung erfolgt, indem unsere Experten Sie in Ihrer Werkstatt besuchen und Sie oder Ihre Mitarbeiter in der PDR-Technik unterrichten. Wir begleiten Sie 7 Tage lang und bieten Ihnen auch nach der Schulung technischen Support.<\/span>\t\t\t\t<\/div>\n\t\t\t\t<\/div>\n\t\t\t\t<div class=\"elementor-element elementor-element-553dcae elementor-align-center elementor-widget__width-auto pdt-btn elementor-widget-tablet__width-inherit elementor-widget elementor-widget-button\" data-id=\"553dcae\" data-element_type=\"widget\" data-e-type=\"widget\" data-widget_type=\"button.default\">\n\t\t\t\t<div class=\"elementor-widget-container\">\n\t\t\t\t\t\t\t\t\t<div class=\"elementor-button-wrapper\">\n\t\t\t\t\t<a class=\"elementor-button elementor-button-link elementor-size-sm\" href=\"https:\/\/karossar-ad.com\/de\/kontakt\/\">\n\t\t\t\t\t\t<span class=\"elementor-button-content-wrapper\">\n\t\t\t\t\t\t\t\t\t<span class=\"elementor-button-text\">Ich m\u00f6chte etwas \u00fcber Grundschulbildung erfahren<\/span>\n\t\t\t\t\t<\/span>\n\t\t\t\t\t<\/a>\n\t\t\t\t<\/div>\n\t\t\t\t\t\t\t\t<\/div>\n\t\t\t\t<\/div>\n\t\t\t\t<\/div>\n\t\t\t\t\t<\/div>\n\t\t\t\t<\/div>\n\t\t\t\t<\/div>\n\t\t<div class=\"elementor-element elementor-element-2e9368a e-flex e-con-boxed e-con e-parent\" data-id=\"2e9368a\" data-element_type=\"container\" data-e-type=\"container\" data-settings=\"{&quot;background_background&quot;:&quot;classic&quot;}\">\n\t\t\t\t\t<div class=\"e-con-inner\">\n\t\t<div class=\"elementor-element elementor-element-23806ca e-flex e-con-boxed e-con e-child\" data-id=\"23806ca\" data-element_type=\"container\" data-e-type=\"container\">\n\t\t\t\t\t<div class=\"e-con-inner\">\n\t\t<div class=\"elementor-element elementor-element-dec40fa e-con-full e-flex elementor-invisible e-con e-child\" data-id=\"dec40fa\" data-element_type=\"container\" data-e-type=\"container\" data-settings=\"{&quot;animation&quot;:&quot;fadeIn&quot;}\">\n\t\t\t\t<div class=\"elementor-element elementor-element-936040d elementor-widget elementor-widget-heading\" data-id=\"936040d\" data-element_type=\"widget\" data-e-type=\"widget\" data-widget_type=\"heading.default\">\n\t\t\t\t<div class=\"elementor-widget-container\">\n\t\t\t\t\t<h2 class=\"elementor-heading-title elementor-size-default\">Warum eine Ausbildung machen?<\/h2>\t\t\t\t<\/div>\n\t\t\t\t<\/div>\n\t\t\t\t<div class=\"elementor-element elementor-element-17b2d2b elementor-widget elementor-widget-heading\" data-id=\"17b2d2b\" data-element_type=\"widget\" data-e-type=\"widget\" data-widget_type=\"heading.default\">\n\t\t\t\t<div class=\"elementor-widget-container\">\n\t\t\t\t\t<span class=\"elementor-heading-title elementor-size-default\">PDR-Studenten erhalten eine Grundausstattung an Werkzeug und Licht (im Preis inbegriffen), ein gr\u00fcndliches Verst\u00e4ndnis des Gesch\u00e4fts und der Werkzeuge, die M\u00f6glichkeit, PDR-Experten zu werden, sowie umfassende Unterst\u00fctzung bei der Weiterbildung, der Werkzeugauswahl und der Arbeit im Ausland als saisonale Subunternehmer. Gleichzeitig ist die PDR-Technik umweltfreundlich, da sie im Gegensatz zu traditionellen Methoden keine sch\u00e4dlichen Materialien verwendet. Au\u00dferdem wird weniger Energie ben\u00f6tigt, da nicht alle unn\u00f6tigen Prozesse einer konventionellen Reparatur durchgef\u00fchrt werden m\u00fcssen.<\/span>\t\t\t\t<\/div>\n\t\t\t\t<\/div>\n\t\t\t\t<\/div>\n\t\t\t\t\t<\/div>\n\t\t\t\t<\/div>\n\t\t\t\t\t<\/div>\n\t\t\t\t<\/div>\n\t\t<div class=\"elementor-element elementor-element-fabeaea e-flex e-con-boxed e-con e-parent\" data-id=\"fabeaea\" data-element_type=\"container\" data-e-type=\"container\" data-settings=\"{&quot;background_background&quot;:&quot;classic&quot;}\">\n\t\t\t\t\t<div class=\"e-con-inner\">\n\t\t<div class=\"elementor-element elementor-element-8438a05 e-con-full e-flex elementor-invisible e-con e-child\" data-id=\"8438a05\" data-element_type=\"container\" data-e-type=\"container\" data-settings=\"{&quot;background_background&quot;:&quot;classic&quot;,&quot;animation&quot;:&quot;fadeIn&quot;}\">\n\t\t\t\t<div class=\"elementor-element elementor-element-1fdcdec elementor-widget__width-initial elementor-widget elementor-widget-heading\" data-id=\"1fdcdec\" data-element_type=\"widget\" data-e-type=\"widget\" data-widget_type=\"heading.default\">\n\t\t\t\t<div class=\"elementor-widget-container\">\n\t\t\t\t\t<h2 class=\"elementor-heading-title elementor-size-default\">Wir haben das Vertrauen der gr\u00f6\u00dften<\/h2>\t\t\t\t<\/div>\n\t\t\t\t<\/div>\n\t\t\t\t<div class=\"elementor-element elementor-element-71ae6fd elementor-widget elementor-widget-image-carousel\" data-id=\"71ae6fd\" data-element_type=\"widget\" data-e-type=\"widget\" data-settings=\"{&quot;slides_to_show&quot;:&quot;6&quot;,&quot;slides_to_show_tablet&quot;:&quot;3&quot;,&quot;navigation&quot;:&quot;none&quot;,&quot;autoplay_speed&quot;:3000,&quot;autoplay&quot;:&quot;yes&quot;,&quot;pause_on_hover&quot;:&quot;yes&quot;,&quot;pause_on_interaction&quot;:&quot;yes&quot;,&quot;infinite&quot;:&quot;yes&quot;,&quot;speed&quot;:500}\" data-widget_type=\"image-carousel.default\">\n\t\t\t\t<div class=\"elementor-widget-container\">\n\t\t\t\t\t\t\t<div class=\"elementor-image-carousel-wrapper swiper\" role=\"region\" aria-roledescription=\"carousel\" aria-label=\"Image Carousel\" dir=\"ltr\">\n\t\t\t<div class=\"elementor-image-carousel swiper-wrapper\" aria-live=\"off\">\n\t\t\t\t\t\t\t\t<div class=\"swiper-slide\" role=\"group\" aria-roledescription=\"slide\" aria-label=\"1 von 6\"><figure class=\"swiper-slide-inner\"><img decoding=\"async\" class=\"swiper-slide-image\" src=\"https:\/\/karossar-ad.com\/wp-content\/uploads\/2025\/01\/jaguar-150x110.png\" alt=\"jaguar\" \/><\/figure><\/div><div class=\"swiper-slide\" role=\"group\" aria-roledescription=\"slide\" aria-label=\"2 von 6\"><figure class=\"swiper-slide-inner\"><img decoding=\"async\" class=\"swiper-slide-image\" src=\"https:\/\/karossar-ad.com\/wp-content\/uploads\/2025\/01\/audi-150x110.png\" alt=\"audi\" \/><\/figure><\/div><div class=\"swiper-slide\" role=\"group\" aria-roledescription=\"slide\" aria-label=\"3 von 6\"><figure class=\"swiper-slide-inner\"><img decoding=\"async\" class=\"swiper-slide-image\" src=\"https:\/\/karossar-ad.com\/wp-content\/uploads\/2025\/01\/aston-martin-150x110.png\" alt=\"aston martin\" \/><\/figure><\/div><div class=\"swiper-slide\" role=\"group\" aria-roledescription=\"slide\" aria-label=\"4 von 6\"><figure class=\"swiper-slide-inner\"><img decoding=\"async\" class=\"swiper-slide-image\" src=\"https:\/\/karossar-ad.com\/wp-content\/uploads\/2025\/01\/cherolet-150x110.png\" alt=\"cherolet\" \/><\/figure><\/div><div class=\"swiper-slide\" role=\"group\" aria-roledescription=\"slide\" aria-label=\"5 von 6\"><figure class=\"swiper-slide-inner\"><img decoding=\"async\" class=\"swiper-slide-image\" src=\"https:\/\/karossar-ad.com\/wp-content\/uploads\/2025\/01\/lexus-150x110.png\" alt=\"lexus\" \/><\/figure><\/div><div class=\"swiper-slide\" role=\"group\" aria-roledescription=\"slide\" aria-label=\"6 von 6\"><figure class=\"swiper-slide-inner\"><img decoding=\"async\" class=\"swiper-slide-image\" src=\"https:\/\/karossar-ad.com\/wp-content\/uploads\/2025\/01\/mini-150x110.png\" alt=\"mini\" \/><\/figure><\/div>\t\t\t<\/div>\n\t\t\t\t\t\t\t\n\t\t\t\t\t\t\t\t\t<\/div>\n\t\t\t\t\t\t<\/div>\n\t\t\t\t<\/div>\n\t\t\t\t<\/div>\n\t\t\t\t\t<\/div>\n\t\t\t\t<\/div>\n\t\t<div class=\"elementor-element elementor-element-9e67800 e-flex e-con-boxed e-con e-parent\" data-id=\"9e67800\" data-element_type=\"container\" data-e-type=\"container\" data-settings=\"{&quot;background_background&quot;:&quot;classic&quot;}\">\n\t\t\t\t\t<div class=\"e-con-inner\">\n\t\t<div class=\"elementor-element elementor-element-854f458 e-flex e-con-boxed e-con e-child\" data-id=\"854f458\" data-element_type=\"container\" data-e-type=\"container\">\n\t\t\t\t\t<div class=\"e-con-inner\">\n\t\t<div class=\"elementor-element elementor-element-56c5d9c e-con-full e-flex elementor-invisible e-con e-child\" data-id=\"56c5d9c\" data-element_type=\"container\" data-e-type=\"container\" data-settings=\"{&quot;animation&quot;:&quot;fadeIn&quot;}\">\n\t\t\t\t<div class=\"elementor-element elementor-element-8ab993b elementor-widget elementor-widget-heading\" data-id=\"8ab993b\" data-element_type=\"widget\" data-e-type=\"widget\" data-widget_type=\"heading.default\">\n\t\t\t\t<div class=\"elementor-widget-container\">\n\t\t\t\t\t<h2 class=\"elementor-heading-title elementor-size-default\">Werden Sie ein PDR-Experte<\/h2>\t\t\t\t<\/div>\n\t\t\t\t<\/div>\n\t\t\t\t<div class=\"elementor-element elementor-element-de8ec90 elementor-widget elementor-widget-heading\" data-id=\"de8ec90\" data-element_type=\"widget\" data-e-type=\"widget\" data-widget_type=\"heading.default\">\n\t\t\t\t<div class=\"elementor-widget-container\">\n\t\t\t\t\t<span class=\"elementor-heading-title elementor-size-default\">Mit PDR k\u00f6nnen Sie Ihren Kunden einen niedrigeren Reparaturpreis anbieten, da es 30% billiger ist als die herk\u00f6mmliche Methode. Au\u00dferdem k\u00f6nnen Sie mehr Kunden annehmen, da die Reparaturzeit um 70-80% reduziert wird. Nehmen Sie Kontakt mit uns auf und bewerben Sie sich noch heute f\u00fcr eine PDR-Schulung!<\/span>\t\t\t\t<\/div>\n\t\t\t\t<\/div>\n\t\t\t\t<div class=\"elementor-element elementor-element-670b35f elementor-widget elementor-widget-button\" data-id=\"670b35f\" data-element_type=\"widget\" data-e-type=\"widget\" data-widget_type=\"button.default\">\n\t\t\t\t<div class=\"elementor-widget-container\">\n\t\t\t\t\t\t\t\t\t<div class=\"elementor-button-wrapper\">\n\t\t\t\t\t<a class=\"elementor-button elementor-button-link elementor-size-sm\" href=\"https:\/\/karossar-ad.com\/de\/kontakt\/\">\n\t\t\t\t\t\t<span class=\"elementor-button-content-wrapper\">\n\t\t\t\t\t\t\t\t\t<span class=\"elementor-button-text\">Kontaktieren Sie uns f\u00fcr weitere Informationen<\/span>\n\t\t\t\t\t<\/span>\n\t\t\t\t\t<\/a>\n\t\t\t\t<\/div>\n\t\t\t\t\t\t\t\t<\/div>\n\t\t\t\t<\/div>\n\t\t\t\t<\/div>\n\t\t\t\t\t<\/div>\n\t\t\t\t<\/div>\n\t\t\t\t\t<\/div>\n\t\t\t\t<\/div>\n\t\t\t\t<\/div>\n\t\t","protected":false},"excerpt":{"rendered":"<p>Schulungen f\u00fcr PDR-Fachleute Bei Karossar A.D. bieten wir Schulungen f\u00fcr PDR-Experten an, die \u00d6ko-Parkplatz- und Hagelschadenreparaturen an Fahrzeugen durchf\u00fchren. Grundschulbildung PDR Die Grundausbildung dauert 7 Tage und umfasst eine Einf\u00fchrung in Werkzeuge und den Reparaturprozess (Theorie, 3 Stunden), eine Einf\u00fchrung in leichte Arbeiten (Theorie und Praxis, 3-4 Stunden), eine praktische Einf\u00fchrung in Werkzeuge an offenen [&hellip;]<\/p>\n","protected":false},"author":2,"featured_media":0,"parent":0,"menu_order":0,"comment_status":"closed","ping_status":"closed","template":"elementor_header_footer","meta":{"footnotes":""},"class_list":["post-1691","page","type-page","status-publish","hentry"],"yoast_head":"<!-- This site is optimized with the Yoast SEO plugin v27.5 - https:\/\/yoast.com\/product\/yoast-seo-wordpress\/ -->\n<title>PDR Schulbildung - Karossar A.D.<\/title>\n<meta name=\"robots\" content=\"index, follow, max-snippet:-1, max-image-preview:large, max-video-preview:-1\" \/>\n<link rel=\"canonical\" href=\"https:\/\/karossar-ad.com\/de\/pdr-schulbildung\/\" \/>\n<meta property=\"og:locale\" content=\"de_DE\" \/>\n<meta property=\"og:type\" content=\"article\" \/>\n<meta property=\"og:title\" content=\"PDR Schulbildung - Karossar A.D.\" \/>\n<meta property=\"og:description\" content=\"Schulungen f\u00fcr PDR-Fachleute Bei Karossar A.D. bieten wir Schulungen f\u00fcr PDR-Experten an, die \u00d6ko-Parkplatz- und Hagelschadenreparaturen an Fahrzeugen durchf\u00fchren. Grundschulbildung PDR Die Grundausbildung dauert 7 Tage und umfasst eine Einf\u00fchrung in Werkzeuge und den Reparaturprozess (Theorie, 3 Stunden), eine Einf\u00fchrung in leichte Arbeiten (Theorie und Praxis, 3-4 Stunden), eine praktische Einf\u00fchrung in Werkzeuge an offenen [&hellip;]\" \/>\n<meta property=\"og:url\" content=\"https:\/\/karossar-ad.com\/de\/pdr-schulbildung\/\" \/>\n<meta property=\"og:site_name\" content=\"Karossar A.D.\" \/>\n<meta property=\"article:modified_time\" content=\"2025-02-11T17:46:18+00:00\" \/>\n<meta name=\"twitter:card\" content=\"summary_large_image\" \/>\n<meta name=\"twitter:label1\" content=\"Gesch\u00e4tzte Lesezeit\" \/>\n\t<meta name=\"twitter:data1\" content=\"2\u00a0Minuten\" \/>\n<script type=\"application\/ld+json\" class=\"yoast-schema-graph\">{\"@context\":\"https:\\\/\\\/schema.org\",\"@graph\":[{\"@type\":\"WebPage\",\"@id\":\"https:\\\/\\\/karossar-ad.com\\\/de\\\/pdr-schulbildung\\\/\",\"url\":\"https:\\\/\\\/karossar-ad.com\\\/de\\\/pdr-schulbildung\\\/\",\"name\":\"PDR Schulbildung - Karossar A.D.\",\"isPartOf\":{\"@id\":\"https:\\\/\\\/karossar-ad.com\\\/#website\"},\"primaryImageOfPage\":{\"@id\":\"https:\\\/\\\/karossar-ad.com\\\/de\\\/pdr-schulbildung\\\/#primaryimage\"},\"image\":{\"@id\":\"https:\\\/\\\/karossar-ad.com\\\/de\\\/pdr-schulbildung\\\/#primaryimage\"},\"thumbnailUrl\":\"https:\\\/\\\/karossar-ad.com\\\/wp-content\\\/uploads\\\/2025\\\/02\\\/Icon-5.svg\",\"datePublished\":\"2025-02-11T05:58:44+00:00\",\"dateModified\":\"2025-02-11T17:46:18+00:00\",\"breadcrumb\":{\"@id\":\"https:\\\/\\\/karossar-ad.com\\\/de\\\/pdr-schulbildung\\\/#breadcrumb\"},\"inLanguage\":\"de\",\"potentialAction\":[{\"@type\":\"ReadAction\",\"target\":[\"https:\\\/\\\/karossar-ad.com\\\/de\\\/pdr-schulbildung\\\/\"]}]},{\"@type\":\"ImageObject\",\"inLanguage\":\"de\",\"@id\":\"https:\\\/\\\/karossar-ad.com\\\/de\\\/pdr-schulbildung\\\/#primaryimage\",\"url\":\"https:\\\/\\\/karossar-ad.com\\\/wp-content\\\/uploads\\\/2025\\\/02\\\/Icon-5.svg\",\"contentUrl\":\"https:\\\/\\\/karossar-ad.com\\\/wp-content\\\/uploads\\\/2025\\\/02\\\/Icon-5.svg\"},{\"@type\":\"BreadcrumbList\",\"@id\":\"https:\\\/\\\/karossar-ad.com\\\/de\\\/pdr-schulbildung\\\/#breadcrumb\",\"itemListElement\":[{\"@type\":\"ListItem\",\"position\":1,\"name\":\"Home\",\"item\":\"https:\\\/\\\/karossar-ad.com\\\/de\\\/startseite\\\/\"},{\"@type\":\"ListItem\",\"position\":2,\"name\":\"PDR Schulbildung\"}]},{\"@type\":\"WebSite\",\"@id\":\"https:\\\/\\\/karossar-ad.com\\\/#website\",\"url\":\"https:\\\/\\\/karossar-ad.com\\\/\",\"name\":\"Karossar A.D.\",\"description\":\"Paintless Dent Repairs\",\"publisher\":{\"@id\":\"https:\\\/\\\/karossar-ad.com\\\/#organization\"},\"potentialAction\":[{\"@type\":\"SearchAction\",\"target\":{\"@type\":\"EntryPoint\",\"urlTemplate\":\"https:\\\/\\\/karossar-ad.com\\\/?s={search_term_string}\"},\"query-input\":{\"@type\":\"PropertyValueSpecification\",\"valueRequired\":true,\"valueName\":\"search_term_string\"}}],\"inLanguage\":\"de\"},{\"@type\":\"Organization\",\"@id\":\"https:\\\/\\\/karossar-ad.com\\\/#organization\",\"name\":\"Karossar A.D.\",\"url\":\"https:\\\/\\\/karossar-ad.com\\\/\",\"logo\":{\"@type\":\"ImageObject\",\"inLanguage\":\"de\",\"@id\":\"https:\\\/\\\/karossar-ad.com\\\/#\\\/schema\\\/logo\\\/image\\\/\",\"url\":\"https:\\\/\\\/karossar-ad.com\\\/wp-content\\\/uploads\\\/2025\\\/01\\\/Logo.png\",\"contentUrl\":\"https:\\\/\\\/karossar-ad.com\\\/wp-content\\\/uploads\\\/2025\\\/01\\\/Logo.png\",\"width\":61,\"height\":60,\"caption\":\"Karossar A.D.\"},\"image\":{\"@id\":\"https:\\\/\\\/karossar-ad.com\\\/#\\\/schema\\\/logo\\\/image\\\/\"}}]}<\/script>\n<!-- \/ Yoast SEO plugin. -->","yoast_head_json":{"title":"PDR Schulbildung - Karossar A.D.","robots":{"index":"index","follow":"follow","max-snippet":"max-snippet:-1","max-image-preview":"max-image-preview:large","max-video-preview":"max-video-preview:-1"},"canonical":"https:\/\/karossar-ad.com\/de\/pdr-schulbildung\/","og_locale":"de_DE","og_type":"article","og_title":"PDR Schulbildung - Karossar A.D.","og_description":"Schulungen f\u00fcr PDR-Fachleute Bei Karossar A.D. bieten wir Schulungen f\u00fcr PDR-Experten an, die \u00d6ko-Parkplatz- und Hagelschadenreparaturen an Fahrzeugen durchf\u00fchren. Grundschulbildung PDR Die Grundausbildung dauert 7 Tage und umfasst eine Einf\u00fchrung in Werkzeuge und den Reparaturprozess (Theorie, 3 Stunden), eine Einf\u00fchrung in leichte Arbeiten (Theorie und Praxis, 3-4 Stunden), eine praktische Einf\u00fchrung in Werkzeuge an offenen [&hellip;]","og_url":"https:\/\/karossar-ad.com\/de\/pdr-schulbildung\/","og_site_name":"Karossar A.D.","article_modified_time":"2025-02-11T17:46:18+00:00","twitter_card":"summary_large_image","twitter_misc":{"Gesch\u00e4tzte Lesezeit":"2\u00a0Minuten"},"schema":{"@context":"https:\/\/schema.org","@graph":[{"@type":"WebPage","@id":"https:\/\/karossar-ad.com\/de\/pdr-schulbildung\/","url":"https:\/\/karossar-ad.com\/de\/pdr-schulbildung\/","name":"PDR Schulbildung - Karossar A.D.","isPartOf":{"@id":"https:\/\/karossar-ad.com\/#website"},"primaryImageOfPage":{"@id":"https:\/\/karossar-ad.com\/de\/pdr-schulbildung\/#primaryimage"},"image":{"@id":"https:\/\/karossar-ad.com\/de\/pdr-schulbildung\/#primaryimage"},"thumbnailUrl":"https:\/\/karossar-ad.com\/wp-content\/uploads\/2025\/02\/Icon-5.svg","datePublished":"2025-02-11T05:58:44+00:00","dateModified":"2025-02-11T17:46:18+00:00","breadcrumb":{"@id":"https:\/\/karossar-ad.com\/de\/pdr-schulbildung\/#breadcrumb"},"inLanguage":"de","potentialAction":[{"@type":"ReadAction","target":["https:\/\/karossar-ad.com\/de\/pdr-schulbildung\/"]}]},{"@type":"ImageObject","inLanguage":"de","@id":"https:\/\/karossar-ad.com\/de\/pdr-schulbildung\/#primaryimage","url":"https:\/\/karossar-ad.com\/wp-content\/uploads\/2025\/02\/Icon-5.svg","contentUrl":"https:\/\/karossar-ad.com\/wp-content\/uploads\/2025\/02\/Icon-5.svg"},{"@type":"BreadcrumbList","@id":"https:\/\/karossar-ad.com\/de\/pdr-schulbildung\/#breadcrumb","itemListElement":[{"@type":"ListItem","position":1,"name":"Home","item":"https:\/\/karossar-ad.com\/de\/startseite\/"},{"@type":"ListItem","position":2,"name":"PDR Schulbildung"}]},{"@type":"WebSite","@id":"https:\/\/karossar-ad.com\/#website","url":"https:\/\/karossar-ad.com\/","name":"Karossar A.D.","description":"Paintless Dent Repairs","publisher":{"@id":"https:\/\/karossar-ad.com\/#organization"},"potentialAction":[{"@type":"SearchAction","target":{"@type":"EntryPoint","urlTemplate":"https:\/\/karossar-ad.com\/?s={search_term_string}"},"query-input":{"@type":"PropertyValueSpecification","valueRequired":true,"valueName":"search_term_string"}}],"inLanguage":"de"},{"@type":"Organization","@id":"https:\/\/karossar-ad.com\/#organization","name":"Karossar A.D.","url":"https:\/\/karossar-ad.com\/","logo":{"@type":"ImageObject","inLanguage":"de","@id":"https:\/\/karossar-ad.com\/#\/schema\/logo\/image\/","url":"https:\/\/karossar-ad.com\/wp-content\/uploads\/2025\/01\/Logo.png","contentUrl":"https:\/\/karossar-ad.com\/wp-content\/uploads\/2025\/01\/Logo.png","width":61,"height":60,"caption":"Karossar A.D."},"image":{"@id":"https:\/\/karossar-ad.com\/#\/schema\/logo\/image\/"}}]}},"_links":{"self":[{"href":"https:\/\/karossar-ad.com\/de\/wp-json\/wp\/v2\/pages\/1691","targetHints":{"allow":["GET"]}}],"collection":[{"href":"https:\/\/karossar-ad.com\/de\/wp-json\/wp\/v2\/pages"}],"about":[{"href":"https:\/\/karossar-ad.com\/de\/wp-json\/wp\/v2\/types\/page"}],"author":[{"embeddable":true,"href":"https:\/\/karossar-ad.com\/de\/wp-json\/wp\/v2\/users\/2"}],"replies":[{"embeddable":true,"href":"https:\/\/karossar-ad.com\/de\/wp-json\/wp\/v2\/comments?post=1691"}],"version-history":[{"count":1,"href":"https:\/\/karossar-ad.com\/de\/wp-json\/wp\/v2\/pages\/1691\/revisions"}],"predecessor-version":[{"id":1692,"href":"https:\/\/karossar-ad.com\/de\/wp-json\/wp\/v2\/pages\/1691\/revisions\/1692"}],"wp:attachment":[{"href":"https:\/\/karossar-ad.com\/de\/wp-json\/wp\/v2\/media?parent=1691"}],"curies":[{"name":"wp","href":"https:\/\/api.w.org\/{rel}","templated":true}]}}