{"id":1678,"date":"2025-01-09T14:13:12","date_gmt":"2025-01-09T14:13:12","guid":{"rendered":"https:\/\/karossar-ad.com\/startseite\/"},"modified":"2025-02-11T17:46:18","modified_gmt":"2025-02-11T17:46:18","slug":"startseite","status":"publish","type":"page","link":"https:\/\/karossar-ad.com\/de\/","title":{"rendered":"Startseite"},"content":{"rendered":"\t\t<div data-elementor-type=\"wp-page\" data-elementor-id=\"1678\" class=\"elementor elementor-1678 elementor-152\" data-elementor-post-type=\"page\">\n\t\t\t\t<div class=\"elementor-element elementor-element-be37ed6 e-con-full e-flex e-con e-parent\" data-id=\"be37ed6\" data-element_type=\"container\" data-e-type=\"container\" data-settings=\"{&quot;background_background&quot;:&quot;classic&quot;,&quot;animation&quot;:&quot;none&quot;}\">\n\t\t\t\t<div class=\"elementor-element elementor-element-2dcfb44 elementor-widget__width-inherit elementor--h-position-center elementor--v-position-middle elementor-arrows-position-inside elementor-pagination-position-inside elementor-invisible elementor-widget elementor-widget-slides\" data-id=\"2dcfb44\" data-element_type=\"widget\" data-e-type=\"widget\" id=\"hero-banner\" data-settings=\"{&quot;_animation&quot;:&quot;fadeIn&quot;,&quot;navigation&quot;:&quot;both&quot;,&quot;autoplay&quot;:&quot;yes&quot;,&quot;pause_on_hover&quot;:&quot;yes&quot;,&quot;pause_on_interaction&quot;:&quot;yes&quot;,&quot;autoplay_speed&quot;:5000,&quot;infinite&quot;:&quot;yes&quot;,&quot;transition&quot;:&quot;slide&quot;,&quot;transition_speed&quot;:500}\" data-widget_type=\"slides.default\">\n\t\t\t\t<div class=\"elementor-widget-container\">\n\t\t\t\t\t\t\t\t\t<div class=\"elementor-swiper\">\n\t\t\t\t\t<div class=\"elementor-slides-wrapper elementor-main-swiper swiper\" role=\"region\" aria-roledescription=\"carousel\" aria-label=\"Slides\" dir=\"ltr\" data-animation=\"fadeInUp\">\n\t\t\t\t<div class=\"swiper-wrapper elementor-slides\">\n\t\t\t\t\t\t\t\t\t\t<div class=\"elementor-repeater-item-622b992 swiper-slide\" role=\"group\" aria-roledescription=\"slide\"><div class=\"swiper-slide-bg\" role=\"img\"><\/div><div class=\"elementor-background-overlay\"><\/div><div class=\"swiper-slide-inner\" ><div class=\"swiper-slide-contents\"><div class=\"elementor-slide-heading\"><br> \u00d6kologische Reparaturen Fahrzeugsch\u00e4den<\/div><div class=\"elementor-slide-description\"><div class=\"elementor-button-wrapper\">\n\t<a class=\"elementor-button elementor-button-link elementor-size-sm Reference-a\" href=\"https:\/\/karossar-ad.com\/de\/referenz\/\"><br \/>\n\t\t<span class=\"elementor-button-content-wrapper\"><br \/>\n\t\t\t<span class=\"elementor-button-text Reference\">Referenz<\/span><br \/>\n\t\t<\/span><br \/>\n\t<\/a><br \/>\n\t<a class=\"elementor-button elementor-button-link elementor-size-sm Kontakt-a\" href=\"https:\/\/karossar-ad.com\/de\/kontakt\/\"><br \/>\n\t\t<span class=\"elementor-button-content-wrapper\"><br \/>\n\t\t\t<span class=\"elementor-button-text kontakt\">Kontakt<\/span><br \/>\n\t\t<\/span><br \/>\n\t<\/a>\n<\/div>\n<\/div><\/div><\/div><\/div><div class=\"elementor-repeater-item-a02425c swiper-slide\" role=\"group\" aria-roledescription=\"slide\"><div class=\"swiper-slide-bg\" role=\"img\"><\/div><div class=\"elementor-background-overlay\"><\/div><div class=\"swiper-slide-inner\" ><div class=\"swiper-slide-contents\"><div class=\"elementor-slide-heading\">PDR Schulbildung<\/div><div class=\"elementor-slide-description\"><div class=\"elementor-button-wrapper\">\n\t<a class=\"elementor-button elementor-button-link elementor-size-sm Reference-a\" href=\"https:\/\/karossar-ad.com\/de\/pdr-schulbildung\/\"><br \/>\n\t\t<span class=\"elementor-button-content-wrapper\"><br \/>\n\t\t\t<span class=\"elementor-button-text Reference\">Mehr \u00fcber Schulbildung<\/span><br \/>\n\t\t<\/span><br \/>\n\t<\/a><br \/>\n<a class=\"elementor-button elementor-button-link elementor-size-sm Kontakt-a\" href=\"https:\/\/karossar-ad.com\/de\/kontakt\/\"><br \/>\n\t\t<span class=\"elementor-button-content-wrapper\"><br \/>\n\t\t\t<span class=\"elementor-button-text kontakt\">Kontakt<\/span><br \/>\n\t\t<\/span><br \/>\n\t<\/a>\n<\/div>\n<\/div><\/div><\/div><\/div>\t\t\t\t<\/div>\n\t\t\t\t\t\t\t\t\t\t\t\t\t\t\t<div class=\"elementor-swiper-button elementor-swiper-button-prev\" role=\"button\" tabindex=\"0\" aria-label=\"Previous slide\">\n\t\t\t\t\t\t\t<svg aria-hidden=\"true\" class=\"e-font-icon-svg e-eicon-chevron-left\" viewBox=\"0 0 1000 1000\" xmlns=\"http:\/\/www.w3.org\/2000\/svg\"><path d=\"M646 125C629 125 613 133 604 142L308 442C296 454 292 471 292 487 292 504 296 521 308 533L604 854C617 867 629 875 646 875 663 875 679 871 692 858 704 846 713 829 713 812 713 796 708 779 692 767L438 487 692 225C700 217 708 204 708 187 708 171 704 154 692 142 675 129 663 125 646 125Z\"><\/path><\/svg>\t\t\t\t\t\t<\/div>\n\t\t\t\t\t\t<div class=\"elementor-swiper-button elementor-swiper-button-next\" role=\"button\" tabindex=\"0\" aria-label=\"Next slide\">\n\t\t\t\t\t\t\t<svg aria-hidden=\"true\" class=\"e-font-icon-svg e-eicon-chevron-right\" viewBox=\"0 0 1000 1000\" xmlns=\"http:\/\/www.w3.org\/2000\/svg\"><path d=\"M696 533C708 521 713 504 713 487 713 471 708 454 696 446L400 146C388 133 375 125 354 125 338 125 325 129 313 142 300 154 292 171 292 187 292 204 296 221 308 233L563 492 304 771C292 783 288 800 288 817 288 833 296 850 308 863 321 871 338 875 354 875 371 875 388 867 400 854L696 533Z\"><\/path><\/svg>\t\t\t\t\t\t<\/div>\n\t\t\t\t\t\t\t\t\t\t\t\t\t\t\t\t<div class=\"swiper-pagination\"><\/div>\n\t\t\t\t\t\t\t\t\t\t\t\t<\/div>\n\t\t\t\t<\/div>\n\t\t\t\t\t\t\t\t<\/div>\n\t\t\t\t<\/div>\n\t\t\t\t<\/div>\n\t\t<div class=\"elementor-element elementor-element-2e9cb69 e-con-full e-flex e-con e-parent\" data-id=\"2e9cb69\" data-element_type=\"container\" data-e-type=\"container\" data-settings=\"{&quot;background_background&quot;:&quot;classic&quot;}\">\n\t\t<div class=\"elementor-element elementor-element-221894e e-con-full e-flex elementor-invisible e-con e-child\" data-id=\"221894e\" data-element_type=\"container\" data-e-type=\"container\" data-settings=\"{&quot;background_background&quot;:&quot;classic&quot;,&quot;animation&quot;:&quot;fadeIn&quot;}\">\n\t\t\t\t<div class=\"elementor-element elementor-element-a95786d elementor-widget__width-initial elementor-widget elementor-widget-heading\" data-id=\"a95786d\" data-element_type=\"widget\" data-e-type=\"widget\" data-settings=\"{&quot;_animation&quot;:&quot;none&quot;}\" data-widget_type=\"heading.default\">\n\t\t\t\t<div class=\"elementor-widget-container\">\n\t\t\t\t\t<h2 class=\"elementor-heading-title elementor-size-default\">Wir haben das Vertrauen der gr\u00f6\u00dften<\/h2>\t\t\t\t<\/div>\n\t\t\t\t<\/div>\n\t\t\t\t<div class=\"elementor-element elementor-element-7919400 elementor-widget elementor-widget-image-carousel\" data-id=\"7919400\" data-element_type=\"widget\" data-e-type=\"widget\" data-settings=\"{&quot;slides_to_show&quot;:&quot;6&quot;,&quot;slides_to_show_tablet&quot;:&quot;3&quot;,&quot;navigation&quot;:&quot;none&quot;,&quot;autoplay_speed&quot;:3000,&quot;_animation&quot;:&quot;none&quot;,&quot;_animation_delay&quot;:1000,&quot;autoplay&quot;:&quot;yes&quot;,&quot;pause_on_hover&quot;:&quot;yes&quot;,&quot;pause_on_interaction&quot;:&quot;yes&quot;,&quot;infinite&quot;:&quot;yes&quot;,&quot;speed&quot;:500}\" data-widget_type=\"image-carousel.default\">\n\t\t\t\t<div class=\"elementor-widget-container\">\n\t\t\t\t\t\t\t<div class=\"elementor-image-carousel-wrapper swiper\" role=\"region\" aria-roledescription=\"carousel\" aria-label=\"Image Carousel\" dir=\"ltr\">\n\t\t\t<div class=\"elementor-image-carousel swiper-wrapper\" aria-live=\"off\">\n\t\t\t\t\t\t\t\t<div class=\"swiper-slide\" role=\"group\" aria-roledescription=\"slide\" aria-label=\"1 von 6\"><figure class=\"swiper-slide-inner\"><img decoding=\"async\" class=\"swiper-slide-image\" src=\"https:\/\/karossar-ad.com\/wp-content\/uploads\/2025\/01\/jaguar-150x110.png\" alt=\"jaguar\" \/><\/figure><\/div><div class=\"swiper-slide\" role=\"group\" aria-roledescription=\"slide\" aria-label=\"2 von 6\"><figure class=\"swiper-slide-inner\"><img decoding=\"async\" class=\"swiper-slide-image\" src=\"https:\/\/karossar-ad.com\/wp-content\/uploads\/2025\/01\/audi-150x110.png\" alt=\"audi\" \/><\/figure><\/div><div class=\"swiper-slide\" role=\"group\" aria-roledescription=\"slide\" aria-label=\"3 von 6\"><figure class=\"swiper-slide-inner\"><img decoding=\"async\" class=\"swiper-slide-image\" src=\"https:\/\/karossar-ad.com\/wp-content\/uploads\/2025\/01\/aston-martin-150x110.png\" alt=\"aston martin\" \/><\/figure><\/div><div class=\"swiper-slide\" role=\"group\" aria-roledescription=\"slide\" aria-label=\"4 von 6\"><figure class=\"swiper-slide-inner\"><img decoding=\"async\" class=\"swiper-slide-image\" src=\"https:\/\/karossar-ad.com\/wp-content\/uploads\/2025\/01\/cherolet-150x110.png\" alt=\"cherolet\" \/><\/figure><\/div><div class=\"swiper-slide\" role=\"group\" aria-roledescription=\"slide\" aria-label=\"5 von 6\"><figure class=\"swiper-slide-inner\"><img decoding=\"async\" class=\"swiper-slide-image\" src=\"https:\/\/karossar-ad.com\/wp-content\/uploads\/2025\/01\/lexus-150x110.png\" alt=\"lexus\" \/><\/figure><\/div><div class=\"swiper-slide\" role=\"group\" aria-roledescription=\"slide\" aria-label=\"6 von 6\"><figure class=\"swiper-slide-inner\"><img decoding=\"async\" class=\"swiper-slide-image\" src=\"https:\/\/karossar-ad.com\/wp-content\/uploads\/2025\/01\/mini-150x110.png\" alt=\"mini\" \/><\/figure><\/div>\t\t\t<\/div>\n\t\t\t\t\t\t\t\n\t\t\t\t\t\t\t\t\t<\/div>\n\t\t\t\t\t\t<\/div>\n\t\t\t\t<\/div>\n\t\t\t\t<\/div>\n\t\t\t\t<\/div>\n\t\t\t\t<\/div>\n\t\t","protected":false},"excerpt":{"rendered":"<p>\u00d6kologische Reparaturen Fahrzeugsch\u00e4den Referenz Kontakt PDR Schulbildung Mehr \u00fcber Schulbildung Kontakt Wir haben das Vertrauen der gr\u00f6\u00dften<\/p>\n","protected":false},"author":2,"featured_media":0,"parent":0,"menu_order":0,"comment_status":"closed","ping_status":"closed","template":"elementor_header_footer","meta":{"footnotes":""},"class_list":["post-1678","page","type-page","status-publish","hentry"],"yoast_head":"<!-- This site is optimized with the Yoast SEO plugin v27.5 - https:\/\/yoast.com\/product\/yoast-seo-wordpress\/ -->\n<title>Startseite - Karossar A.D.<\/title>\n<meta name=\"robots\" content=\"index, follow, max-snippet:-1, max-image-preview:large, max-video-preview:-1\" \/>\n<link rel=\"canonical\" href=\"https:\/\/karossar-ad.com\/de\/startseite\/\" \/>\n<meta property=\"og:locale\" content=\"de_DE\" \/>\n<meta property=\"og:type\" content=\"article\" \/>\n<meta property=\"og:title\" content=\"Startseite - Karossar A.D.\" \/>\n<meta property=\"og:description\" content=\"\u00d6kologische Reparaturen Fahrzeugsch\u00e4den Referenz Kontakt PDR Schulbildung Mehr \u00fcber Schulbildung Kontakt Wir haben das Vertrauen der gr\u00f6\u00dften\" \/>\n<meta property=\"og:url\" content=\"https:\/\/karossar-ad.com\/de\/startseite\/\" \/>\n<meta property=\"og:site_name\" content=\"Karossar A.D.\" \/>\n<meta property=\"article:modified_time\" content=\"2025-02-11T17:46:18+00:00\" \/>\n<meta property=\"og:image\" content=\"https:\/\/karossar-ad.com\/wp-content\/uploads\/2025\/01\/jaguar-150x110.png\" \/>\n<meta name=\"twitter:card\" content=\"summary_large_image\" \/>\n<script type=\"application\/ld+json\" class=\"yoast-schema-graph\">{\"@context\":\"https:\\\/\\\/schema.org\",\"@graph\":[{\"@type\":\"WebPage\",\"@id\":\"https:\\\/\\\/karossar-ad.com\\\/de\\\/startseite\\\/\",\"url\":\"https:\\\/\\\/karossar-ad.com\\\/de\\\/startseite\\\/\",\"name\":\"Startseite - Karossar A.D.\",\"isPartOf\":{\"@id\":\"https:\\\/\\\/karossar-ad.com\\\/#website\"},\"primaryImageOfPage\":{\"@id\":\"https:\\\/\\\/karossar-ad.com\\\/de\\\/startseite\\\/#primaryimage\"},\"image\":{\"@id\":\"https:\\\/\\\/karossar-ad.com\\\/de\\\/startseite\\\/#primaryimage\"},\"thumbnailUrl\":\"https:\\\/\\\/karossar-ad.com\\\/wp-content\\\/uploads\\\/2025\\\/01\\\/jaguar-150x110.png\",\"datePublished\":\"2025-01-09T14:13:12+00:00\",\"dateModified\":\"2025-02-11T17:46:18+00:00\",\"breadcrumb\":{\"@id\":\"https:\\\/\\\/karossar-ad.com\\\/de\\\/startseite\\\/#breadcrumb\"},\"inLanguage\":\"de\",\"potentialAction\":[{\"@type\":\"ReadAction\",\"target\":[\"https:\\\/\\\/karossar-ad.com\\\/de\\\/startseite\\\/\"]}]},{\"@type\":\"ImageObject\",\"inLanguage\":\"de\",\"@id\":\"https:\\\/\\\/karossar-ad.com\\\/de\\\/startseite\\\/#primaryimage\",\"url\":\"https:\\\/\\\/karossar-ad.com\\\/wp-content\\\/uploads\\\/2025\\\/01\\\/jaguar-150x110.png\",\"contentUrl\":\"https:\\\/\\\/karossar-ad.com\\\/wp-content\\\/uploads\\\/2025\\\/01\\\/jaguar-150x110.png\"},{\"@type\":\"BreadcrumbList\",\"@id\":\"https:\\\/\\\/karossar-ad.com\\\/de\\\/startseite\\\/#breadcrumb\",\"itemListElement\":[{\"@type\":\"ListItem\",\"position\":1,\"name\":\"Home\",\"item\":\"https:\\\/\\\/karossar-ad.com\\\/de\\\/startseite\\\/\"},{\"@type\":\"ListItem\",\"position\":2,\"name\":\"Startseite\"}]},{\"@type\":\"WebSite\",\"@id\":\"https:\\\/\\\/karossar-ad.com\\\/#website\",\"url\":\"https:\\\/\\\/karossar-ad.com\\\/\",\"name\":\"Karossar A.D.\",\"description\":\"Paintless Dent Repairs\",\"publisher\":{\"@id\":\"https:\\\/\\\/karossar-ad.com\\\/#organization\"},\"potentialAction\":[{\"@type\":\"SearchAction\",\"target\":{\"@type\":\"EntryPoint\",\"urlTemplate\":\"https:\\\/\\\/karossar-ad.com\\\/?s={search_term_string}\"},\"query-input\":{\"@type\":\"PropertyValueSpecification\",\"valueRequired\":true,\"valueName\":\"search_term_string\"}}],\"inLanguage\":\"de\"},{\"@type\":\"Organization\",\"@id\":\"https:\\\/\\\/karossar-ad.com\\\/#organization\",\"name\":\"Karossar A.D.\",\"url\":\"https:\\\/\\\/karossar-ad.com\\\/\",\"logo\":{\"@type\":\"ImageObject\",\"inLanguage\":\"de\",\"@id\":\"https:\\\/\\\/karossar-ad.com\\\/#\\\/schema\\\/logo\\\/image\\\/\",\"url\":\"https:\\\/\\\/karossar-ad.com\\\/wp-content\\\/uploads\\\/2025\\\/01\\\/Logo.png\",\"contentUrl\":\"https:\\\/\\\/karossar-ad.com\\\/wp-content\\\/uploads\\\/2025\\\/01\\\/Logo.png\",\"width\":61,\"height\":60,\"caption\":\"Karossar A.D.\"},\"image\":{\"@id\":\"https:\\\/\\\/karossar-ad.com\\\/#\\\/schema\\\/logo\\\/image\\\/\"}}]}<\/script>\n<!-- \/ Yoast SEO plugin. -->","yoast_head_json":{"title":"Startseite - Karossar A.D.","robots":{"index":"index","follow":"follow","max-snippet":"max-snippet:-1","max-image-preview":"max-image-preview:large","max-video-preview":"max-video-preview:-1"},"canonical":"https:\/\/karossar-ad.com\/de\/startseite\/","og_locale":"de_DE","og_type":"article","og_title":"Startseite - Karossar A.D.","og_description":"\u00d6kologische Reparaturen Fahrzeugsch\u00e4den Referenz Kontakt PDR Schulbildung Mehr \u00fcber Schulbildung Kontakt Wir haben das Vertrauen der gr\u00f6\u00dften","og_url":"https:\/\/karossar-ad.com\/de\/startseite\/","og_site_name":"Karossar A.D.","article_modified_time":"2025-02-11T17:46:18+00:00","og_image":[{"url":"https:\/\/karossar-ad.com\/wp-content\/uploads\/2025\/01\/jaguar-150x110.png","type":"","width":"","height":""}],"twitter_card":"summary_large_image","schema":{"@context":"https:\/\/schema.org","@graph":[{"@type":"WebPage","@id":"https:\/\/karossar-ad.com\/de\/startseite\/","url":"https:\/\/karossar-ad.com\/de\/startseite\/","name":"Startseite - Karossar A.D.","isPartOf":{"@id":"https:\/\/karossar-ad.com\/#website"},"primaryImageOfPage":{"@id":"https:\/\/karossar-ad.com\/de\/startseite\/#primaryimage"},"image":{"@id":"https:\/\/karossar-ad.com\/de\/startseite\/#primaryimage"},"thumbnailUrl":"https:\/\/karossar-ad.com\/wp-content\/uploads\/2025\/01\/jaguar-150x110.png","datePublished":"2025-01-09T14:13:12+00:00","dateModified":"2025-02-11T17:46:18+00:00","breadcrumb":{"@id":"https:\/\/karossar-ad.com\/de\/startseite\/#breadcrumb"},"inLanguage":"de","potentialAction":[{"@type":"ReadAction","target":["https:\/\/karossar-ad.com\/de\/startseite\/"]}]},{"@type":"ImageObject","inLanguage":"de","@id":"https:\/\/karossar-ad.com\/de\/startseite\/#primaryimage","url":"https:\/\/karossar-ad.com\/wp-content\/uploads\/2025\/01\/jaguar-150x110.png","contentUrl":"https:\/\/karossar-ad.com\/wp-content\/uploads\/2025\/01\/jaguar-150x110.png"},{"@type":"BreadcrumbList","@id":"https:\/\/karossar-ad.com\/de\/startseite\/#breadcrumb","itemListElement":[{"@type":"ListItem","position":1,"name":"Home","item":"https:\/\/karossar-ad.com\/de\/startseite\/"},{"@type":"ListItem","position":2,"name":"Startseite"}]},{"@type":"WebSite","@id":"https:\/\/karossar-ad.com\/#website","url":"https:\/\/karossar-ad.com\/","name":"Karossar A.D.","description":"Paintless Dent Repairs","publisher":{"@id":"https:\/\/karossar-ad.com\/#organization"},"potentialAction":[{"@type":"SearchAction","target":{"@type":"EntryPoint","urlTemplate":"https:\/\/karossar-ad.com\/?s={search_term_string}"},"query-input":{"@type":"PropertyValueSpecification","valueRequired":true,"valueName":"search_term_string"}}],"inLanguage":"de"},{"@type":"Organization","@id":"https:\/\/karossar-ad.com\/#organization","name":"Karossar A.D.","url":"https:\/\/karossar-ad.com\/","logo":{"@type":"ImageObject","inLanguage":"de","@id":"https:\/\/karossar-ad.com\/#\/schema\/logo\/image\/","url":"https:\/\/karossar-ad.com\/wp-content\/uploads\/2025\/01\/Logo.png","contentUrl":"https:\/\/karossar-ad.com\/wp-content\/uploads\/2025\/01\/Logo.png","width":61,"height":60,"caption":"Karossar A.D."},"image":{"@id":"https:\/\/karossar-ad.com\/#\/schema\/logo\/image\/"}}]}},"_links":{"self":[{"href":"https:\/\/karossar-ad.com\/de\/wp-json\/wp\/v2\/pages\/1678","targetHints":{"allow":["GET"]}}],"collection":[{"href":"https:\/\/karossar-ad.com\/de\/wp-json\/wp\/v2\/pages"}],"about":[{"href":"https:\/\/karossar-ad.com\/de\/wp-json\/wp\/v2\/types\/page"}],"author":[{"embeddable":true,"href":"https:\/\/karossar-ad.com\/de\/wp-json\/wp\/v2\/users\/2"}],"replies":[{"embeddable":true,"href":"https:\/\/karossar-ad.com\/de\/wp-json\/wp\/v2\/comments?post=1678"}],"version-history":[{"count":4,"href":"https:\/\/karossar-ad.com\/de\/wp-json\/wp\/v2\/pages\/1678\/revisions"}],"predecessor-version":[{"id":1693,"href":"https:\/\/karossar-ad.com\/de\/wp-json\/wp\/v2\/pages\/1678\/revisions\/1693"}],"wp:attachment":[{"href":"https:\/\/karossar-ad.com\/de\/wp-json\/wp\/v2\/media?parent=1678"}],"curies":[{"name":"wp","href":"https:\/\/api.w.org\/{rel}","templated":true}]}}